{"id":2,"date":"2024-06-10T10:36:55","date_gmt":"2024-06-10T10:36:55","guid":{"rendered":"https:\/\/alivu.it\/?page_id=2"},"modified":"2024-06-12T14:57:48","modified_gmt":"2024-06-12T14:57:48","slug":"home","status":"publish","type":"page","link":"https:\/\/alivu.it\/","title":{"rendered":"Home"},"content":{"rendered":"<p>[et_pb_section fb_built=&#8221;1&#8243; _builder_version=&#8221;4.25.1&#8243; _module_preset=&#8221;default&#8221; background_color=&#8221;#4A5D5A&#8221; background_image=&#8221;https:\/\/alivu.it\/wp-content\/uploads\/2024\/06\/ruota_colorata.png&#8221; background_size=&#8221;custom&#8221; background_image_height=&#8221;82%&#8221; background_position=&#8221;top_left&#8221; background_horizontal_offset=&#8221;-13%&#8221; background_vertical_offset=&#8221;33%&#8221; global_colors_info=&#8221;{}&#8221;][et_pb_row column_structure=&#8221;1_5,3_5,1_5&#8243; use_custom_gutter=&#8221;on&#8221; make_equal=&#8221;on&#8221; _builder_version=&#8221;4.25.1&#8243; _module_preset=&#8221;default&#8221; background_enable_color=&#8221;off&#8221; background_enable_image=&#8221;off&#8221; width=&#8221;100%&#8221; max_width=&#8221;1280px&#8221; custom_padding=&#8221;7vh|0vh|5vh|0vh|false|true&#8221; global_colors_info=&#8221;{}&#8221;][et_pb_column type=&#8221;1_5&#8243; _builder_version=&#8221;4.25.1&#8243; _module_preset=&#8221;default&#8221; global_colors_info=&#8221;{}&#8221;][et_pb_image src=&#8221;https:\/\/alivu.it\/wp-content\/uploads\/2024\/06\/alivu_logo_scritta_white.svg&#8221; title_text=&#8221;alivu_logo_scritta_white&#8221; _builder_version=&#8221;4.25.1&#8243; _module_preset=&#8221;default&#8221; width=&#8221;100%&#8221; module_alignment=&#8221;center&#8221; global_colors_info=&#8221;{}&#8221;][\/et_pb_image][\/et_pb_column][et_pb_column type=&#8221;3_5&#8243; _builder_version=&#8221;4.25.1&#8243; _module_preset=&#8221;default&#8221; background_enable_image=&#8221;off&#8221; global_colors_info=&#8221;{}&#8221;][et_pb_text _builder_version=&#8221;4.25.1&#8243; _module_preset=&#8221;default&#8221; text_font=&#8221;Arvo|300|||||||&#8221; text_text_color=&#8221;#FFFFFF&#8221; text_font_size=&#8221;20px&#8221; text_line_height=&#8221;1.4em&#8221; width=&#8221;90%&#8221; custom_margin=&#8221;|||24px||&#8221; global_colors_info=&#8221;{}&#8221;]<\/p>\n<p><strong>\u201cAlivu\u201d<\/strong> \u00e8 un olio extra vergine d\u2019oliva di qualit\u00e0 superiore, che si \u00e8 insignito della <strong>denominazione D.O.P. Val Di Mazara<\/strong>.<\/p>\n<p>\u201cAlivu\u201d \u00e8 una produzione ottenuta esclusivamente da <strong>Olive Biancolilla<\/strong>, spremute meccanicamente a freddo.<\/p>\n<p>Il colore <strong>caratteristico giallo-oro,<\/strong> screziato di verde intenso, l\u2019aroma e il gusto <strong>avvolgente e fruttato<\/strong>, fanno di quest\u2019olio un prodotto d\u2019eccellenza.<\/p>\n<p>La sua particolare struttura esalta <strong>la qualit\u00e0 delle materie prime<\/strong> utilizzate in cucina e accompagna la degustazione delle pietanze con delicata persistenza.<\/p>\n<p>[\/et_pb_text][\/et_pb_column][et_pb_column type=&#8221;1_5&#8243; _builder_version=&#8221;4.25.1&#8243; _module_preset=&#8221;default&#8221; global_colors_info=&#8221;{}&#8221;][et_pb_image src=&#8221;https:\/\/alivu.it\/wp-content\/uploads\/2024\/06\/alivu_DOP_white.svg&#8221; title_text=&#8221;alivu_DOP_white&#8221; _builder_version=&#8221;4.25.1&#8243; _module_preset=&#8221;default&#8221; global_colors_info=&#8221;{}&#8221;][\/et_pb_image][\/et_pb_column][\/et_pb_row][\/et_pb_section][et_pb_section fb_built=&#8221;1&#8243; module_id=&#8221;origini&#8221; _builder_version=&#8221;4.25.1&#8243; _module_preset=&#8221;default&#8221; background_enable_color=&#8221;off&#8221; background_image=&#8221;https:\/\/alivu.it\/wp-content\/uploads\/2024\/06\/ruota_alivu-1.png&#8221; global_colors_info=&#8221;{}&#8221;][et_pb_row column_structure=&#8221;1_5,3_5,1_5&#8243; use_custom_gutter=&#8221;on&#8221; make_equal=&#8221;on&#8221; _builder_version=&#8221;4.25.1&#8243; _module_preset=&#8221;default&#8221; background_enable_color=&#8221;off&#8221; background_enable_image=&#8221;off&#8221; width=&#8221;100%&#8221; max_width=&#8221;1280px&#8221; custom_padding=&#8221;7vh|0vh|5vh|0vh|false|true&#8221; global_colors_info=&#8221;{}&#8221;][et_pb_column type=&#8221;1_5&#8243; _builder_version=&#8221;4.25.1&#8243; _module_preset=&#8221;default&#8221; global_colors_info=&#8221;{}&#8221;][et_pb_image src=&#8221;https:\/\/alivu.it\/wp-content\/uploads\/2024\/06\/asterisco_rosso.svg&#8221; title_text=&#8221;asterisco_rosso&#8221; _builder_version=&#8221;4.25.1&#8243; _module_preset=&#8221;default&#8221; global_colors_info=&#8221;{}&#8221;][\/et_pb_image][\/et_pb_column][et_pb_column type=&#8221;3_5&#8243; _builder_version=&#8221;4.25.1&#8243; _module_preset=&#8221;default&#8221; background_enable_image=&#8221;off&#8221; global_colors_info=&#8221;{}&#8221;][et_pb_text _builder_version=&#8221;4.25.1&#8243; _module_preset=&#8221;default&#8221; text_font=&#8221;Arvo|300|||||||&#8221; text_text_color=&#8221;#a34b6e&#8221; text_font_size=&#8221;46px&#8221; text_line_height=&#8221;1.4em&#8221; width=&#8221;90%&#8221; custom_margin=&#8221;|||24px||&#8221; global_colors_info=&#8221;{}&#8221;]<\/p>\n<p>le origini:<br \/><strong>nato in <span style=\"text-decoration: underline;\">Sicilia<\/span><\/strong><br \/>ad Eraclea Minoa (AG)<\/p>\n<p>[\/et_pb_text][et_pb_text _builder_version=&#8221;4.25.1&#8243; _module_preset=&#8221;default&#8221; text_font=&#8221;Arvo|300|||||||&#8221; text_text_color=&#8221;#4A5D5A&#8221; text_font_size=&#8221;30px&#8221; text_line_height=&#8221;1.4em&#8221; width=&#8221;90%&#8221; custom_margin=&#8221;|||24px||&#8221; global_colors_info=&#8221;{}&#8221;]Una storia unica da una terra antica,<br \/>\nche d\u00e0 vita ad un olio puro,<br \/>\nprelibato e ricercato[\/et_pb_text][et_pb_text _builder_version=&#8221;4.25.1&#8243; _module_preset=&#8221;default&#8221; text_font=&#8221;Arvo|300|||||||&#8221; text_text_color=&#8221;#A34B6E&#8221; text_font_size=&#8221;20px&#8221; text_line_height=&#8221;1.4em&#8221; width=&#8221;90%&#8221; custom_margin=&#8221;|||24px||&#8221; global_colors_info=&#8221;{}&#8221;]Antiche leggende raccontano la storia incredibile delle citt\u00e0 greca Minoa, situata su un promontorio tra il Mar Mediterraneo e il fiume Platani, di cui oggi possiamo ammirare le rovine archeologiche.<\/p>\n<p>Una terra leggendaria, madre di alberi secolari di olivo Biancolilla.[\/et_pb_text][\/et_pb_column][et_pb_column type=&#8221;1_5&#8243; _builder_version=&#8221;4.25.1&#8243; _module_preset=&#8221;default&#8221; global_colors_info=&#8221;{}&#8221;][\/et_pb_column][\/et_pb_row][\/et_pb_section][et_pb_section fb_built=&#8221;1&#8243; module_id=&#8221;origini&#8221; _builder_version=&#8221;4.25.1&#8243; _module_preset=&#8221;default&#8221; background_enable_color=&#8221;off&#8221; background_image=&#8221;https:\/\/alivu.it\/wp-content\/uploads\/2024\/06\/shutterstock_343483043-scaled.jpg&#8221; parallax=&#8221;on&#8221; custom_padding=&#8221;18vw||18vw||true|false&#8221; global_colors_info=&#8221;{}&#8221;][\/et_pb_section][et_pb_section fb_built=&#8221;1&#8243; module_id=&#8221;materie&#8221; _builder_version=&#8221;4.25.1&#8243; _module_preset=&#8221;default&#8221; background_enable_color=&#8221;off&#8221; background_image=&#8221;https:\/\/alivu.it\/wp-content\/uploads\/2024\/06\/ruota_alivu-1.png&#8221; global_colors_info=&#8221;{}&#8221;][et_pb_row column_structure=&#8221;1_5,3_5,1_5&#8243; use_custom_gutter=&#8221;on&#8221; make_equal=&#8221;on&#8221; _builder_version=&#8221;4.25.1&#8243; _module_preset=&#8221;default&#8221; background_enable_color=&#8221;off&#8221; background_enable_image=&#8221;off&#8221; width=&#8221;100%&#8221; max_width=&#8221;1280px&#8221; custom_padding=&#8221;7vh|0vh|5vh|0vh|false|true&#8221; global_colors_info=&#8221;{}&#8221;][et_pb_column type=&#8221;1_5&#8243; _builder_version=&#8221;4.25.1&#8243; _module_preset=&#8221;default&#8221; global_colors_info=&#8221;{}&#8221;][et_pb_image src=&#8221;https:\/\/alivu.it\/wp-content\/uploads\/2024\/06\/asterisco_rosso.svg&#8221; title_text=&#8221;asterisco_rosso&#8221; _builder_version=&#8221;4.25.1&#8243; _module_preset=&#8221;default&#8221; global_colors_info=&#8221;{}&#8221;][\/et_pb_image][\/et_pb_column][et_pb_column type=&#8221;3_5&#8243; _builder_version=&#8221;4.25.1&#8243; _module_preset=&#8221;default&#8221; background_enable_image=&#8221;off&#8221; global_colors_info=&#8221;{}&#8221;][et_pb_text _builder_version=&#8221;4.25.1&#8243; _module_preset=&#8221;default&#8221; text_font=&#8221;Arvo|300|||||||&#8221; text_text_color=&#8221;#a34b6e&#8221; text_font_size=&#8221;46px&#8221; text_line_height=&#8221;1.4em&#8221; width=&#8221;90%&#8221; custom_margin=&#8221;|||24px||&#8221; global_colors_info=&#8221;{}&#8221;]<\/p>\n<p>le materie prime:<br \/><strong>100% olive<\/strong><br \/><span style=\"text-decoration: underline;\"><strong>Biancolilla<\/strong><\/span><\/p>\n<p>[\/et_pb_text][et_pb_text _builder_version=&#8221;4.25.1&#8243; _module_preset=&#8221;default&#8221; text_font=&#8221;Arvo|300|||||||&#8221; text_text_color=&#8221;#4A5D5A&#8221; text_font_size=&#8221;30px&#8221; text_line_height=&#8221;1.4em&#8221; width=&#8221;90%&#8221; custom_margin=&#8221;|||24px||&#8221; global_colors_info=&#8221;{}&#8221;]<\/p>\n<p>Un prezioso dono della natura, <br \/>ricavato nel rispetto della produzione<br \/>eco-sostenibile<\/p>\n<p>[\/et_pb_text][et_pb_text _builder_version=&#8221;4.25.1&#8243; _module_preset=&#8221;default&#8221; text_font=&#8221;Arvo|300|||||||&#8221; text_text_color=&#8221;#A34B6E&#8221; text_font_size=&#8221;20px&#8221; text_line_height=&#8221;1.4em&#8221; width=&#8221;90%&#8221; custom_margin=&#8221;|||24px||&#8221; global_colors_info=&#8221;{}&#8221;]<\/p>\n<p>Alivu \u00e8 ottenuto unicamente da olive Biancolilla, una variet\u00e0 titpica della Sicilia occidentale, dalle sfumature bianche, verdi e lilla. <br \/>Olive di qualit\u00e0 superiore, materia prima eccellente per un olio prezioso.<\/p>\n<p>[\/et_pb_text][\/et_pb_column][et_pb_column type=&#8221;1_5&#8243; _builder_version=&#8221;4.25.1&#8243; _module_preset=&#8221;default&#8221; global_colors_info=&#8221;{}&#8221;][\/et_pb_column][\/et_pb_row][\/et_pb_section][et_pb_section fb_built=&#8221;1&#8243; module_id=&#8221;origini&#8221; _builder_version=&#8221;4.25.1&#8243; _module_preset=&#8221;default&#8221; background_enable_color=&#8221;off&#8221; background_image=&#8221;https:\/\/alivu.it\/wp-content\/uploads\/2024\/06\/Olive-trees-moved-to-the-temporary-nursery-in-South-Italy-scaled.jpg&#8221; parallax=&#8221;on&#8221; custom_padding=&#8221;18vw||18vw||true|false&#8221; global_colors_info=&#8221;{}&#8221;][\/et_pb_section][et_pb_section fb_built=&#8221;1&#8243; module_id=&#8221;produzione&#8221; _builder_version=&#8221;4.25.1&#8243; _module_preset=&#8221;default&#8221; background_enable_color=&#8221;off&#8221; background_image=&#8221;https:\/\/alivu.it\/wp-content\/uploads\/2024\/06\/ruota_alivu-1.png&#8221; global_colors_info=&#8221;{}&#8221;][et_pb_row column_structure=&#8221;1_5,3_5,1_5&#8243; use_custom_gutter=&#8221;on&#8221; make_equal=&#8221;on&#8221; _builder_version=&#8221;4.25.1&#8243; _module_preset=&#8221;default&#8221; background_enable_color=&#8221;off&#8221; background_enable_image=&#8221;off&#8221; width=&#8221;100%&#8221; max_width=&#8221;1280px&#8221; custom_padding=&#8221;7vh|0vh|5vh|0vh|false|true&#8221; global_colors_info=&#8221;{}&#8221;][et_pb_column type=&#8221;1_5&#8243; _builder_version=&#8221;4.25.1&#8243; _module_preset=&#8221;default&#8221; global_colors_info=&#8221;{}&#8221;][et_pb_image src=&#8221;https:\/\/alivu.it\/wp-content\/uploads\/2024\/06\/asterisco_rosso.svg&#8221; title_text=&#8221;asterisco_rosso&#8221; _builder_version=&#8221;4.25.1&#8243; _module_preset=&#8221;default&#8221; global_colors_info=&#8221;{}&#8221;][\/et_pb_image][\/et_pb_column][et_pb_column type=&#8221;3_5&#8243; _builder_version=&#8221;4.25.1&#8243; _module_preset=&#8221;default&#8221; background_enable_image=&#8221;off&#8221; global_colors_info=&#8221;{}&#8221;][et_pb_text _builder_version=&#8221;4.25.1&#8243; _module_preset=&#8221;default&#8221; text_font=&#8221;Arvo|300|||||||&#8221; text_text_color=&#8221;#a34b6e&#8221; text_font_size=&#8221;46px&#8221; text_line_height=&#8221;1.4em&#8221; width=&#8221;90%&#8221; custom_margin=&#8221;|||24px||&#8221; global_colors_info=&#8221;{}&#8221;]<\/p>\n<p>la produzione:<br \/><strong>un procedimento antico<\/strong><br \/>per un <span style=\"text-decoration: underline;\">olio eccellente<\/span><\/p>\n<p>[\/et_pb_text][et_pb_text _builder_version=&#8221;4.25.1&#8243; _module_preset=&#8221;default&#8221; text_font=&#8221;Arvo|300|||||||&#8221; text_text_color=&#8221;#4A5D5A&#8221; text_font_size=&#8221;30px&#8221; text_line_height=&#8221;1.4em&#8221; width=&#8221;90%&#8221; custom_margin=&#8221;|||24px||&#8221; global_colors_info=&#8221;{}&#8221;]L&#8217;estrazione a freddo che preserva le propriet\u00e0 salutari del frutto[\/et_pb_text][et_pb_text _builder_version=&#8221;4.25.1&#8243; _module_preset=&#8221;default&#8221; text_font=&#8221;Arvo|300|||||||&#8221; text_text_color=&#8221;#A34B6E&#8221; text_font_size=&#8221;20px&#8221; text_line_height=&#8221;1.4em&#8221; width=&#8221;90%&#8221; custom_margin=&#8221;|||24px||&#8221; global_colors_info=&#8221;{}&#8221;]<\/p>\n<p>Alivu \u00e8 estratto a freddo mediante procedimenti meccanici, nel rispetto del frutto, affinch\u00e8 tutte le sue propriet\u00e0 organolettiche benefiche per la salute possano rimanere intatte.<\/p>\n<p>[\/et_pb_text][\/et_pb_column][et_pb_column type=&#8221;1_5&#8243; _builder_version=&#8221;4.25.1&#8243; _module_preset=&#8221;default&#8221; global_colors_info=&#8221;{}&#8221;][\/et_pb_column][\/et_pb_row][\/et_pb_section][et_pb_section fb_built=&#8221;1&#8243; module_id=&#8221;origini&#8221; _builder_version=&#8221;4.25.1&#8243; _module_preset=&#8221;default&#8221; background_color=&#8221;#49594c&#8221; background_enable_image=&#8221;off&#8221; parallax=&#8221;on&#8221; custom_padding=&#8221;18vw||18vw||true|false&#8221; global_colors_info=&#8221;{}&#8221;][et_pb_row _builder_version=&#8221;4.25.1&#8243; _module_preset=&#8221;default&#8221; global_colors_info=&#8221;{}&#8221;][et_pb_column type=&#8221;4_4&#8243; _builder_version=&#8221;4.25.1&#8243; _module_preset=&#8221;default&#8221; global_colors_info=&#8221;{}&#8221;][et_pb_image src=&#8221;https:\/\/alivu.it\/wp-content\/uploads\/2024\/06\/logo_alivu_vertical_cerchio_white.svg&#8221; title_text=&#8221;logo_alivu_vertical_cerchio_white&#8221; align=&#8221;center&#8221; _builder_version=&#8221;4.25.1&#8243; _module_preset=&#8221;default&#8221; width=&#8221;33%&#8221; global_colors_info=&#8221;{}&#8221;][\/et_pb_image][et_pb_text _builder_version=&#8221;4.25.1&#8243; _module_preset=&#8221;default&#8221; text_font=&#8221;Arvo|300|||||||&#8221; text_text_color=&#8221;#FFFFFF&#8221; text_font_size=&#8221;30px&#8221; text_line_height=&#8221;1.4em&#8221; text_orientation=&#8221;center&#8221; width=&#8221;90%&#8221; custom_margin=&#8221;|||24px||&#8221; global_colors_info=&#8221;{}&#8221;]<\/p>\n<p>Un olio dall\u2019aroma e dal gusto unici,<br \/>per veri intenditori.<\/p>\n<p>[\/et_pb_text][\/et_pb_column][\/et_pb_row][\/et_pb_section]<\/p>\n","protected":false},"excerpt":{"rendered":"<p>\u201cAlivu\u201d \u00e8 un olio extra vergine d\u2019oliva di qualit\u00e0 superiore, che si \u00e8 insignito della denominazione D.O.P. Val Di Mazara. \u201cAlivu\u201d \u00e8 una produzione ottenuta esclusivamente da Olive Biancolilla, spremute meccanicamente a freddo. Il colore caratteristico giallo-oro, screziato di verde intenso, l\u2019aroma e il gusto avvolgente e fruttato, fanno di quest\u2019olio un prodotto d\u2019eccellenza. La [&hellip;]<\/p>\n","protected":false},"author":1,"featured_media":0,"parent":0,"menu_order":0,"comment_status":"closed","ping_status":"closed","template":"","meta":{"_et_pb_use_builder":"on","_et_pb_old_content":"<!-- wp:paragraph -->\r\n<p>This is an example page. It's different from a blog post because it will stay in one place and will show up in your site navigation (in most themes). Most people start with an About page that introduces them to potential site visitors. It might say something like this:<\/p>\r\n<!-- \/wp:paragraph --><!-- wp:quote -->\r\n<blockquote class=\"wp-block-quote\">\r\n<p>Hi there! I'm a bike messenger by day, aspiring actor by night, and this is my website. I live in Los Angeles, have a great dog named Jack, and I like pi\u00f1a coladas. (And gettin' caught in the rain.)<\/p>\r\n<\/blockquote>\r\n<!-- \/wp:quote --><!-- wp:paragraph -->\r\n<p>...or something like this:<\/p>\r\n<!-- \/wp:paragraph --><!-- wp:quote -->\r\n<blockquote class=\"wp-block-quote\">\r\n<p>The XYZ Doohickey Company was founded in 1971, and has been providing quality doohickeys to the public ever since. Located in Gotham City, XYZ employs over 2,000 people and does all kinds of awesome things for the Gotham community.<\/p>\r\n<\/blockquote>\r\n<!-- \/wp:quote --><!-- wp:paragraph -->\r\n<p>As a new WordPress user, you should go to <a href=\"https:\/\/alivu.it\/wp-admin\/\">your dashboard<\/a> to delete this page and create new pages for your content. Have fun!<\/p>\r\n<!-- \/wp:paragraph -->","_et_gb_content_width":"","footnotes":""},"class_list":["post-2","page","type-page","status-publish","hentry"],"_links":{"self":[{"href":"https:\/\/alivu.it\/index.php?rest_route=\/wp\/v2\/pages\/2","targetHints":{"allow":["GET"]}}],"collection":[{"href":"https:\/\/alivu.it\/index.php?rest_route=\/wp\/v2\/pages"}],"about":[{"href":"https:\/\/alivu.it\/index.php?rest_route=\/wp\/v2\/types\/page"}],"author":[{"embeddable":true,"href":"https:\/\/alivu.it\/index.php?rest_route=\/wp\/v2\/users\/1"}],"replies":[{"embeddable":true,"href":"https:\/\/alivu.it\/index.php?rest_route=%2Fwp%2Fv2%2Fcomments&post=2"}],"version-history":[{"count":12,"href":"https:\/\/alivu.it\/index.php?rest_route=\/wp\/v2\/pages\/2\/revisions"}],"predecessor-version":[{"id":97,"href":"https:\/\/alivu.it\/index.php?rest_route=\/wp\/v2\/pages\/2\/revisions\/97"}],"wp:attachment":[{"href":"https:\/\/alivu.it\/index.php?rest_route=%2Fwp%2Fv2%2Fmedia&parent=2"}],"curies":[{"name":"wp","href":"https:\/\/api.w.org\/{rel}","templated":true}]}}